{"id":12538,"date":"2017-06-23T15:09:07","date_gmt":"2017-06-23T08:09:07","guid":{"rendered":"https:\/\/fountain.vn\/san-pham\/uncategorized\/voi-phun-jumpingjet-rainbow-star-set\/"},"modified":"2021-02-26T22:19:22","modified_gmt":"2021-02-26T15:19:22","slug":"jumpingjet-rainbow-star-set","status":"publish","type":"product","link":"https:\/\/fountain.vn\/en\/san-pham\/water-gardens\/fountains-fountain-pumps-en\/water-entertainment\/jumpingjet-rainbow-star-set\/","title":{"rendered":"JumpingJet Rainbow Star Set"},"content":{"rendered":"<h4>Thi\u1ebft b\u1ecb v\u00f2i phun n\u01b0\u1edbc<\/h4>\n<p>S\u1ea3n ph\u1ea9m v\u00f2i phun n\u01b0\u1edbc c\u1ea7u v\u1ed3ng \u0111\u01b0\u1ee3c k\u1ebft n\u1ed1i th\u00e0nh m\u1ed9t b\u1ed9 ho\u00e0n ch\u1ec9nh.<br \/>\nC\u00e1c hi\u1ec7u \u1ee9ng n\u01b0\u1edbc v\u00e0 m\u00e0u s\u1eafc \u0111\u01b0\u1ee3c ph\u00e1t l\u1ea1i trong c\u00e1c ch\u01b0\u01a1ng tr\u00ecnh, c\u00f2n c\u01b0\u1eddng \u0111\u1ed9 \u00e1nh s\u00e1ng LED v\u1eabn \u0111\u01b0\u1ee3c gi\u1eef nguy\u00ean. Ch\u01b0\u01a1ng tr\u00ecnh c\u1ee7a v\u00f2i phun n\u01b0\u1edbc c\u00f3 th\u1ec3 \u0111\u01b0\u1ee3c ch\u1ecdn b\u1eb1ng h\u1ec7 \u0111i\u1ec1u khi\u1ec3n t\u1eeb xa v\u1edbi kho\u1ea3ng c\u00e1ch t\u1ef1 do l\u00ean \u0111\u1ebfn 80 m. Chi\u1ec1u d\u00e0i c\u1ee7a v\u00f2i phun t\u1edbi 4 m v\u00e0 chi\u1ec1u cao c\u1ed9t n\u01b0\u1edbc t\u1edbi 2 m c\u00f3 th\u1ec3 \u0111\u01b0\u1ee3c ki\u1ec3m so\u00e1t ri\u00eang l\u1ebb.<\/p>\n<p>C\u00f3 th\u1ec3 l\u1eafp \u0111\u1eb7t trong nh\u00e0 v\u00e0 ngo\u00e0i tr\u1eddi. H\u1ed9p \u0111i\u1ec1u khi\u1ec3n (12 V master) cho ph\u00e9p k\u1ebft n\u1ed1i b\u1ed9 Add-on Star JumpingJet Rainbow Star. \u0110i\u1ec1u khi\u1ec3n \u0111\u1ed3ng b\u1ed9 th\u00f4ng qua m\u1ed9t b\u1ed9 \u0111i\u1ec1u khi\u1ec3n t\u1eeb xa khi k\u1ebft n\u1ed1i B\u1ed9 Add-on. B\u1ed9 v\u00f2i phun ho\u00e0n ch\u1ec9nh bao g\u1ed3m: Jumping Jet, h\u1ed9p \u0111i\u1ec1u khi\u1ec3n, \u0111i\u1ec1u khi\u1ec3n t\u1eeb xa; c\u0169ng nh\u01b0 c\u00e1c \u1ed1ng k\u1eb9p b\u1eb1ng th\u00e9p kh\u00f4ng g\u1ec9 \u0111\u1ec3 h\u00e0n \u1ed1ng t\u1ea1i ch\u1ed7 v\u00e0 c\u00e1c ph\u1ee5 ki\u1ec7n b\u1ed5 sung.<\/p>\n<h4>B\u1ea3o h\u00e0nh: 1 n\u0103m<\/h4>\n","protected":false},"excerpt":{"rendered":"<p>M\u00e3 s\u1ea3n ph\u1ea9m: 50052<br \/>\nC\u00f4ng su\u1ea5t: 32 W<\/p>\n","protected":false},"featured_media":8431,"comment_status":"closed","ping_status":"closed","template":"","meta":[],"product_brand":[],"product_cat":[1442],"product_tag":[696,705,698],"class_list":{"0":"post-12538","1":"product","2":"type-product","3":"status-publish","4":"has-post-thumbnail","6":"product_cat-water-entertainment","7":"product_tag-fountain-pumps","8":"product_tag-jumpingjet-rainbow-star-set","9":"product_tag-water-entertainment","11":"first","12":"instock","13":"shipping-taxable","14":"product-type-simple"},"_links":{"self":[{"href":"https:\/\/fountain.vn\/en\/wp-json\/wp\/v2\/product\/12538","targetHints":{"allow":["GET"]}}],"collection":[{"href":"https:\/\/fountain.vn\/en\/wp-json\/wp\/v2\/product"}],"about":[{"href":"https:\/\/fountain.vn\/en\/wp-json\/wp\/v2\/types\/product"}],"replies":[{"embeddable":true,"href":"https:\/\/fountain.vn\/en\/wp-json\/wp\/v2\/comments?post=12538"}],"wp:featuredmedia":[{"embeddable":true,"href":"https:\/\/fountain.vn\/en\/wp-json\/wp\/v2\/media\/8431"}],"wp:attachment":[{"href":"https:\/\/fountain.vn\/en\/wp-json\/wp\/v2\/media?parent=12538"}],"wp:term":[{"taxonomy":"product_brand","embeddable":true,"href":"https:\/\/fountain.vn\/en\/wp-json\/wp\/v2\/product_brand?post=12538"},{"taxonomy":"product_cat","embeddable":true,"href":"https:\/\/fountain.vn\/en\/wp-json\/wp\/v2\/product_cat?post=12538"},{"taxonomy":"product_tag","embeddable":true,"href":"https:\/\/fountain.vn\/en\/wp-json\/wp\/v2\/product_tag?post=12538"}],"curies":[{"name":"wp","href":"https:\/\/api.w.org\/{rel}","templated":true}]}}