{"id":10679,"date":"2017-06-07T14:36:52","date_gmt":"2017-06-07T07:36:52","guid":{"rendered":"https:\/\/fountain.vn\/san-pham\/uncategorized\/voi-phun-comet-15-17-silver\/"},"modified":"2019-05-30T16:22:43","modified_gmt":"2019-05-30T09:22:43","slug":"comet-15-17-silver","status":"publish","type":"product","link":"https:\/\/fountain.vn\/en\/san-pham\/nozzles\/nozzles-en\/classic-nozzles\/comet-silver\/comet-15-17-silver\/","title":{"rendered":"Comet 15-17 Silver"},"content":{"rendered":"<p style=\"text-align: justify;\">V\u00f2i phun \u0111\u01a1n \u0111\u01b0\u1ee3c thi\u1ebft k\u1ebf v\u1edbi \u0111\u1ed9 ch\u00ednh x\u00e1c cao, phun ho\u00e0n to\u00e0n \u1ed5n \u0111\u1ecbnh tr\u01b0\u1edbc gi\u00f3. \u0110i\u1ec3m m\u1edbi l\u00e0 \u1ed1ng k\u00ednh b\u1ea1c c\u1ee7a v\u00f2i phun comet v\u1edbi \u0111\u1ed3ng thau m\u1ea1 k\u1ebdm v\u00e0 niken.<\/p>\n<p style=\"text-align: justify;\">V\u00f2i phun comet 10-12 Silver v\u00e0 v\u00f2i phun comet 10-14 Silver l\u00e0 s\u1ef1 k\u1ebft h\u1ee3p l\u00fd t\u01b0\u1edfng v\u1edbi \u0110\u00e8n ProfiPlane LED 320 \/ DMX \/ 02 v\u00e0 \u0111\u00e8n ProfiRing LED 320 \/ DMX \/ 02 (xem trang 128-131).<\/p>\n<p style=\"text-align: justify;\"><b>T\u00ednh n\u0103ng s\u1ea3n ph\u1ea9m<\/b><br \/>\nV\u00f2i phun \u0111\u01a1n c\u00f3 k\u00edch c\u1ee1\u00a0v\u1eeba v\u00e0 nh\u1ecf<br \/>\n\u0110\u1ed9 cao c\u1ee7a \u0111\u1ea7u phun t\u1eeb\u00a00.50 m t\u1edbi 12.00 m<br \/>\nV\u00f2i phun ho\u00e0n to\u00e0n \u1ed5n \u0111\u1ecbnh tr\u01b0\u1edbc gi\u00f3.<br \/>\nM\u1eb7t c\u1ea7u xoay g\u00f3c 15\u00b0<br \/>\nC\u1ea5p n\u01b0\u1edbc m\u1ed9t c\u00e1ch \u0111\u1ed9c l\u1eadp.<br \/>\nB\u1ed9 \u0111i\u1ec1u khi\u1ec3n d\u00f2ng ch\u1ea3y<br \/>\nM\u1ea1 Cr\u00f4m v\u00e0 niken m\u1ea1 k\u1ebdm c\u00f3 \u0111\u1ed9 b\u1ec1n ch\u1eb7t cao.<br \/>\nThi\u1ebft k\u1ebf \u0111a d\u1ea1ng m\u1edf r\u1ed9ng\u00a0:\u00a0nh\u01b0 l\u00e0 v\u00f2i phun \u0111\u01a1n ho\u1eb7c theo nh\u00f3m.<\/p>\n<p style=\"text-align: justify;\"><strong>B\u1ea3o h\u00e0nh: 2 n\u0103m<\/strong><\/p>\n","protected":false},"excerpt":{"rendered":"<p>Order no.: 50724<br \/>\nDimensions: 63\u00d8 x 152H (mm)<\/p>\n","protected":false},"featured_media":7190,"comment_status":"closed","ping_status":"closed","template":"","meta":[],"product_brand":[],"product_cat":[1371],"product_tag":[1556,1548],"class_list":{"0":"post-10679","1":"product","2":"type-product","3":"status-publish","4":"has-post-thumbnail","6":"product_cat-comet-silver","7":"product_tag-comet-15-17-silver","8":"product_tag-comet-fountain","10":"first","11":"instock","12":"shipping-taxable","13":"product-type-simple"},"_links":{"self":[{"href":"https:\/\/fountain.vn\/en\/wp-json\/wp\/v2\/product\/10679","targetHints":{"allow":["GET"]}}],"collection":[{"href":"https:\/\/fountain.vn\/en\/wp-json\/wp\/v2\/product"}],"about":[{"href":"https:\/\/fountain.vn\/en\/wp-json\/wp\/v2\/types\/product"}],"replies":[{"embeddable":true,"href":"https:\/\/fountain.vn\/en\/wp-json\/wp\/v2\/comments?post=10679"}],"wp:featuredmedia":[{"embeddable":true,"href":"https:\/\/fountain.vn\/en\/wp-json\/wp\/v2\/media\/7190"}],"wp:attachment":[{"href":"https:\/\/fountain.vn\/en\/wp-json\/wp\/v2\/media?parent=10679"}],"wp:term":[{"taxonomy":"product_brand","embeddable":true,"href":"https:\/\/fountain.vn\/en\/wp-json\/wp\/v2\/product_brand?post=10679"},{"taxonomy":"product_cat","embeddable":true,"href":"https:\/\/fountain.vn\/en\/wp-json\/wp\/v2\/product_cat?post=10679"},{"taxonomy":"product_tag","embeddable":true,"href":"https:\/\/fountain.vn\/en\/wp-json\/wp\/v2\/product_tag?post=10679"}],"curies":[{"name":"wp","href":"https:\/\/api.w.org\/{rel}","templated":true}]}}